{"id":4732,"date":"2025-02-21T09:22:39","date_gmt":"2025-02-21T09:22:39","guid":{"rendered":"https:\/\/gandja.shop\/?page_id=4732"},"modified":"2025-02-21T09:24:09","modified_gmt":"2025-02-21T09:24:09","slug":"cookies","status":"publish","type":"page","link":"https:\/\/gandja.shop\/sl\/cookies\/","title":{"rendered":"Politika pi\u0161kotkov"},"content":{"rendered":"<div data-elementor-type=\"wp-page\" data-elementor-id=\"4732\" class=\"elementor elementor-4732\" data-elementor-post-type=\"page\">\n\t\t\t\t<div class=\"elementor-element elementor-element-fdefed8 e-flex e-con-boxed e-con e-parent\" data-id=\"fdefed8\" data-element_type=\"container\" data-e-type=\"container\">\n\t\t\t\t\t<div class=\"e-con-inner\">\n\t\t\t\t<div class=\"elementor-element elementor-element-24fb9f0 elementor-widget elementor-widget-text-editor\" data-id=\"24fb9f0\" data-element_type=\"widget\" data-e-type=\"widget\" data-widget_type=\"text-editor.default\">\n\t\t\t\t<div class=\"elementor-widget-container\">\n\t\t\t\t\t\t\t\t\t<h2><b>Politika pi\u0161kotkov<\/b><\/h2><p><b>Datum za\u010detka veljavnosti:<\/b><span style=\"font-weight: 400;\"> 21.02.2025.<\/span><\/p><h3><b>1. Uvod<\/b><\/h3><p><span style=\"font-weight: 400;\">Ta pravilnik o pi\u0161kotkih pojasnjuje, kako uporabljamo pi\u0161kotke in podobne tehnologije na na\u0161i spletni strani, <\/span><b>gandja.shop<\/b><span style=\"font-weight: 400;\">. Z uporabo na\u0161e spletne strani se strinjate z uporabo pi\u0161kotkov, kot je opisano v tej politiki.<\/span><\/p><h3><b>2. Kaj so pi\u0161kotki?<\/b><\/h3><p><span style=\"font-weight: 400;\">Pi\u0161kotki so majhne besedilne datoteke, shranjene v va\u0161i napravi za zbiranje informacij o dejavnosti in nastavitvah va\u0161ega spletnega mesta.<\/span><\/p><h3><b>3. Vrste pi\u0161kotkov, ki jih uporabljamo<\/b><\/h3><p><span style=\"font-weight: 400;\">Uporabljamo naslednje vrste pi\u0161kotkov:<\/span><\/p><h4><b>Nujni pi\u0161kotki<\/b><\/h4><p><span style=\"font-weight: 400;\">Ti pi\u0161kotki so bistveni za delovanje na\u0161e spletne strani.<\/span><\/p><ul><li style=\"font-weight: 400;\" aria-level=\"1\"><b>wpEmojiSettingsSupports<\/b><span style=\"font-weight: 400;\"> (seja): Zagotavlja pravilen prikaz emojijev.<\/span><\/li><\/ul><h4><b>Analiti\u010dni pi\u0161kotki<\/b><\/h4><p><span style=\"font-weight: 400;\">Ti pi\u0161kotki nam pomagajo analizirati promet na spletnem mestu in izbolj\u0161ati uporabni\u0161ko izku\u0161njo.<\/span><\/p><ul><li style=\"font-weight: 400;\" aria-level=\"1\"><b>sbjs_migrations<\/b><span style=\"font-weight: 400;\">, <\/span><b>sbjs_current_add<\/b><span style=\"font-weight: 400;\">, <\/span><b>sbjs_prvi_dodaj<\/b><span style=\"font-weight: 400;\">, <\/span><b>sbjs_current<\/b><span style=\"font-weight: 400;\">, <\/span><b>sbjs_prvi<\/b><span style=\"font-weight: 400;\">, <\/span><b>sbjs_udata<\/b><span style=\"font-weight: 400;\">, <\/span><b>sbjs_session<\/b><span style=\"font-weight: 400;\">: pi\u0161kotki Sourcebuster, ki se uporabljajo za sledenje virom obiskov in uporabni\u0161kih dejanj.<\/span><\/li><\/ul><h3><b>4. Orodja tretjih oseb<\/b><\/h3><p><span style=\"font-weight: 400;\">Uporabljamo storitve tretjih oseb, ki lahko nastavijo dodatne pi\u0161kotke:<\/span><\/p><ul><li style=\"font-weight: 400;\" aria-level=\"1\"><b>Google Analytics<\/b><span style=\"font-weight: 400;\">: Sledi uspe\u0161nosti spletnega mesta in vedenju uporabnikov.<\/span><\/li><li style=\"font-weight: 400;\" aria-level=\"1\"><b>Instagram<\/b><span style=\"font-weight: 400;\">: Vdela vsebino dru\u017ebenih medijev.<\/span><\/li><\/ul><h3><b>5. Soglasje za uporabo pi\u0161kotkov<\/b><\/h3><p><span style=\"font-weight: 400;\">Uporabljamo pasico za pi\u0161kotke, da pridobimo va\u0161e soglasje, preden v va\u0161o napravo namestimo nebistvene pi\u0161kotke. Pasica vam omogo\u010da:<\/span><\/p><ul><li style=\"font-weight: 400;\" aria-level=\"1\"><span style=\"font-weight: 400;\">Sprejmi vse pi\u0161kotke.<\/span><\/li><li style=\"font-weight: 400;\" aria-level=\"1\"><span style=\"font-weight: 400;\">Prilagodite nastavitve pi\u0161kotkov (npr. analitika, tr\u017eenje).<\/span><\/li><li style=\"font-weight: 400;\" aria-level=\"1\"><span style=\"font-weight: 400;\">Soglasje lahko kadar koli prekli\u010dete ali spremenite.<\/span><\/li><\/ul><h3><b>6. Upravljanje pi\u0161kotkov<\/b><\/h3><p><span style=\"font-weight: 400;\">Pi\u0161kotke lahko nadzirate ali izbri\u0161ete v nastavitvah brskalnika. Vendar lahko onemogo\u010danje pi\u0161kotkov vpliva na va\u0161o izku\u0161njo na na\u0161i spletni strani.<\/span><\/p><h3><b>7. Posodobitve pravilnika<\/b><\/h3><p><span style=\"font-weight: 400;\">Ta pravilnik o pi\u0161kotkih se lahko ob\u010dasno posodobi. Posodobitve bodo objavljene na tej strani.<\/span><\/p><p><span style=\"font-weight: 400;\">Za vpra\u0161anja ali pomisleke glede na\u0161e uporabe pi\u0161kotkov se obrnite na:<\/span><span style=\"font-weight: 400;\"><br \/><\/span><b>An\u0111a Mari\u0107<\/b><b><br \/><\/b><span style=\"font-weight: 400;\">E-po\u0161ta: <\/span><b>andjamaric210@gmail.com<\/b><\/p>\t\t\t\t\t\t\t\t<\/div>\n\t\t\t\t<\/div>\n\t\t\t\t\t<\/div>\n\t\t\t\t<\/div>\n\t\t\t\t<\/div>","protected":false},"excerpt":{"rendered":"<p>Cookie Policy Effective Date: 21.02.2025. 1. Introduction This Cookie Policy explains how we use cookies and similar technologies on our website, gandja.shop. By using our website, you consent to the use of cookies as described in this policy. 2. What Are Cookies? Cookies are small text files stored on your device to collect information about [&hellip;]<\/p>\n","protected":false},"author":2,"featured_media":0,"parent":0,"menu_order":0,"comment_status":"closed","ping_status":"closed","template":"","meta":{"footnotes":""},"class_list":["post-4732","page","type-page","status-publish","hentry"],"_links":{"self":[{"href":"https:\/\/gandja.shop\/sl\/wp-json\/wp\/v2\/pages\/4732","targetHints":{"allow":["GET"]}}],"collection":[{"href":"https:\/\/gandja.shop\/sl\/wp-json\/wp\/v2\/pages"}],"about":[{"href":"https:\/\/gandja.shop\/sl\/wp-json\/wp\/v2\/types\/page"}],"author":[{"embeddable":true,"href":"https:\/\/gandja.shop\/sl\/wp-json\/wp\/v2\/users\/2"}],"replies":[{"embeddable":true,"href":"https:\/\/gandja.shop\/sl\/wp-json\/wp\/v2\/comments?post=4732"}],"version-history":[{"count":5,"href":"https:\/\/gandja.shop\/sl\/wp-json\/wp\/v2\/pages\/4732\/revisions"}],"predecessor-version":[{"id":4737,"href":"https:\/\/gandja.shop\/sl\/wp-json\/wp\/v2\/pages\/4732\/revisions\/4737"}],"wp:attachment":[{"href":"https:\/\/gandja.shop\/sl\/wp-json\/wp\/v2\/media?parent=4732"}],"curies":[{"name":"delovni list","href":"https:\/\/api.w.org\/{rel}","templated":true}]}}