{"id":3,"date":"2024-12-05T22:10:55","date_gmt":"2024-12-05T22:10:55","guid":{"rendered":"http:\/\/box2305\/cgi\/addon_GT.cgi?s=GT::WP::Install::Cpanel+%28outthinc%29+-+127.0.0.1+%5Bnocaller%5D\/?page_id=3"},"modified":"2025-02-21T09:21:58","modified_gmt":"2025-02-21T09:21:58","slug":"privacy","status":"publish","type":"page","link":"https:\/\/gandja.shop\/sl\/privacy\/","title":{"rendered":"Politika zasebnosti"},"content":{"rendered":"<div data-elementor-type=\"wp-page\" data-elementor-id=\"3\" class=\"elementor elementor-3\" data-elementor-post-type=\"page\">\n\t\t\t\t<div class=\"elementor-element elementor-element-1cd878db e-flex e-con-boxed e-con e-parent\" data-id=\"1cd878db\" data-element_type=\"container\" data-e-type=\"container\">\n\t\t\t\t\t<div class=\"e-con-inner\">\n\t\t\t\t<div class=\"elementor-element elementor-element-fc39216 elementor-widget elementor-widget-text-editor\" data-id=\"fc39216\" data-element_type=\"widget\" data-e-type=\"widget\" data-widget_type=\"text-editor.default\">\n\t\t\t\t<div class=\"elementor-widget-container\">\n\t\t\t\t\t\t\t\t\t<h2><b>Politika zasebnosti<\/b><\/h2>\n<p><b>Datum za\u010detka veljavnosti:<\/b><span style=\"font-weight: 400;\"> 21.02.2025<\/span><\/p>\n<h3><b>1. Uvod<\/b><\/h3>\n<p><span style=\"font-weight: 400;\">Ta pravilnik o zasebnosti pojasnjuje, kako <\/span><b>ANDJA MARI\u0106, storitvena trgovina<\/b><span style=\"font-weight: 400;\"> (\u00bbmi\u00ab, \u00bbnas\u00ab ali \u00bbna\u0161\u00ab) zbira, uporablja in varuje va\u0161e osebne podatke, ko obi\u0161\u010dete na\u0161o spletno stran, <\/span><b>gandja.shop<\/b><span style=\"font-weight: 400;\">, ali sodelujte z na\u0161imi storitvami. Zavezani smo k varovanju va\u0161e zasebnosti in zagotavljanju skladnosti z veljavno zakonodajo o varstvu podatkov, vklju\u010dno s Splo\u0161no uredbo o varstvu podatkov (GDPR) in kalifornijskim zakonom o zasebnosti potro\u0161nikov (CCPA).<\/span><\/p>\n<h3><b>2. Podatki, ki jih zbiramo<\/b><\/h3>\n<p><span style=\"font-weight: 400;\">Zbiramo lahko naslednje osebne podatke:<\/span><\/p>\n<ul>\n<li style=\"font-weight: 400;\" aria-level=\"1\"><b>Ime<\/b><\/li>\n<li style=\"font-weight: 400;\" aria-level=\"1\"><b>E-po\u0161tni naslov<\/b><\/li>\n<\/ul>\n<p><span style=\"font-weight: 400;\">Te podatke zbiramo, ko:<\/span><\/p>\n<ul>\n<li style=\"font-weight: 400;\" aria-level=\"1\"><span style=\"font-weight: 400;\">Naro\u010dite se na na\u0161e novice ali druga tr\u017ena sporo\u010dila.<\/span><\/li>\n<li style=\"font-weight: 400;\" aria-level=\"1\"><span style=\"font-weight: 400;\">Izpolnite obrazec za ustvarjanje potencialnih strank.<\/span><\/li>\n<\/ul>\n<h3><b>3. Namen zbiranja podatkov<\/b><\/h3>\n<p><span style=\"font-weight: 400;\">Va\u0161e podatke obdelujemo za naslednje namene:<\/span><\/p>\n<ul>\n<li style=\"font-weight: 400;\" aria-level=\"1\"><span style=\"font-weight: 400;\">Za po\u0161iljanje glasil in tr\u017eenjskih sporo\u010dil.<\/span><\/li>\n<li style=\"font-weight: 400;\" aria-level=\"1\"><span style=\"font-weight: 400;\">Za izbolj\u0161anje na\u0161ih storitev in spletne izku\u0161nje.<\/span><\/li>\n<\/ul>\n<p><span style=\"font-weight: 400;\">Pravna podlaga za zbiranje podatkov je <\/span><b>soglasje<\/b><span style=\"font-weight: 400;\">, ki jih zagotovite tako, da se prijavite prek obrazcev na na\u0161i spletni strani.<\/span><\/p>\n<h3><b>4. Hramba podatkov<\/b><\/h3>\n<p><span style=\"font-weight: 400;\">Va\u0161e osebne podatke hranimo, dokler ne prekli\u010dete soglasja. Od prejemanja sporo\u010dil se lahko kadar koli odjavite tako, da v na\u0161ih e-po\u0161tnih sporo\u010dilih kliknete povezavo \u00bbodjava\u00ab ali nas kontaktirate neposredno na <\/span><b>andjamaric210@gmail.com<\/b><span style=\"font-weight: 400;\">.<\/span><\/p>\n<h3><b>5. Uporabni\u0161ke pravice<\/b><\/h3>\n<p><span style=\"font-weight: 400;\">V skladu z GDPR imate naslednje pravice:<\/span><\/p>\n<ul>\n<li style=\"font-weight: 400;\" aria-level=\"1\"><span style=\"font-weight: 400;\">Dostop do va\u0161ih osebnih podatkov.<\/span><\/li>\n<li style=\"font-weight: 400;\" aria-level=\"1\"><span style=\"font-weight: 400;\">Popravite neto\u010dnosti v svojih osebnih podatkih.<\/span><\/li>\n<li style=\"font-weight: 400;\" aria-level=\"1\"><span style=\"font-weight: 400;\">Zahtevajte izbris svojih osebnih podatkov.<\/span><\/li>\n<li style=\"font-weight: 400;\" aria-level=\"1\"><span style=\"font-weight: 400;\">Soglasje lahko kadar koli prekli\u010dete.<\/span><\/li>\n<\/ul>\n<p><span style=\"font-weight: 400;\">Po CCPA imajo prebivalci Kalifornije tudi pravico do:<\/span><\/p>\n<ul>\n<li style=\"font-weight: 400;\" aria-level=\"1\"><span style=\"font-weight: 400;\">Vedite, kateri osebni podatki se zbirajo.<\/span><\/li>\n<li style=\"font-weight: 400;\" aria-level=\"1\"><span style=\"font-weight: 400;\">Zahtevaj izbris podatkov.<\/span><\/li>\n<li style=\"font-weight: 400;\" aria-level=\"1\"><span style=\"font-weight: 400;\">Odjavite se od prodaje osebnih podatkov (\u010de obstaja).<\/span><\/li>\n<\/ul>\n<p><span style=\"font-weight: 400;\">Za uveljavljanje svojih pravic se obrnite na <\/span><b>andjamaric210@gmail.com<\/b><span style=\"font-weight: 400;\">.<\/span><\/p>\n<h3><b>6. Skupna raba podatkov<\/b><\/h3>\n<p><span style=\"font-weight: 400;\">Va\u0161e osebne podatke lahko delimo z:<\/span><\/p>\n<ul>\n<li style=\"font-weight: 400;\" aria-level=\"1\"><b>Google Analytics<\/b><span style=\"font-weight: 400;\">: Za analizo prometa na spletnem mestu in izbolj\u0161anje uporabni\u0161ke izku\u0161nje.<\/span><\/li>\n<li style=\"font-weight: 400;\" aria-level=\"1\"><b>Instagram<\/b><span style=\"font-weight: 400;\">: Za vdelavo vsebine in izbolj\u0161anje sodelovanja v dru\u017ebenih medijih.<\/span><\/li>\n<\/ul>\n<p><span style=\"font-weight: 400;\">Te tretje osebe zavezujejo stroge pogodbe o zaupnosti in varstvu podatkov.<\/span><\/p>\n<h3><b>7. Mednarodni prenosi podatkov<\/b><\/h3>\n<p><span style=\"font-weight: 400;\">Na\u0161e spletno mesto lahko mednarodno prena\u0161a va\u0161e osebne podatke prek storitev, kot sta Bluehost in Cloudflare. \u010ceprav imajo te storitve sede\u017e v ZDA, zagotavljamo skladnost z varnim gostovanjem, \u0161ifriranjem SSL in za\u0161\u010ditnimi ukrepi, ki veljajo za panogo.<\/span><\/p>\n<h3><b>8. Varnost podatkov<\/b><\/h3>\n<p><span style=\"font-weight: 400;\">Izvajamo ustrezne tehni\u010dne in organizacijske ukrepe za za\u0161\u010dito va\u0161ih podatkov, vklju\u010dno z:<\/span><\/p>\n<ul>\n<li style=\"font-weight: 400;\" aria-level=\"1\"><span style=\"font-weight: 400;\">SSL \u0161ifriranje.<\/span><\/li>\n<li style=\"font-weight: 400;\" aria-level=\"1\"><span style=\"font-weight: 400;\">Storitve varnega gostovanja.<\/span><\/li>\n<\/ul>\n<h3><b>9. Posodobitve pravilnika<\/b><\/h3>\n<p><span style=\"font-weight: 400;\">Ta pravilnik o zasebnosti se lahko ob\u010dasno posodobi. Posodobitve bodo objavljene na tej strani in priporo\u010damo, da jo redno pregledujete.<\/span><\/p>\n<p><span style=\"font-weight: 400;\">Za vpra\u0161anja v zvezi z zasebnostjo se obrnite na:<\/span><span style=\"font-weight: 400;\"><br \/><\/span><b>An\u0111a Mari\u0107<\/b><b><br \/><\/b><span style=\"font-weight: 400;\">E-po\u0161ta: <\/span><b>andjamaric210@gmail.com<\/b><\/p>\t\t\t\t\t\t\t\t<\/div>\n\t\t\t\t<\/div>\n\t\t\t\t\t<\/div>\n\t\t\t\t<\/div>\n\t\t\t\t<\/div>","protected":false},"excerpt":{"rendered":"<p>Privacy Policy Effective Date: 21.02.2025 1. Introduction This Privacy Policy explains how AN\u0110A MARI\u0106, obrt za usluge (&#8220;we,&#8221; &#8220;us,&#8221; or &#8220;our&#8221;) collects, uses, and protects your personal data when you visit our website, gandja.shop, or engage with our services. We are committed to safeguarding your privacy and ensuring compliance with applicable data protection laws, including [&hellip;]<\/p>\n","protected":false},"author":1,"featured_media":0,"parent":0,"menu_order":0,"comment_status":"closed","ping_status":"closed","template":"","meta":{"footnotes":""},"class_list":["post-3","page","type-page","status-publish","hentry"],"_links":{"self":[{"href":"https:\/\/gandja.shop\/sl\/wp-json\/wp\/v2\/pages\/3","targetHints":{"allow":["GET"]}}],"collection":[{"href":"https:\/\/gandja.shop\/sl\/wp-json\/wp\/v2\/pages"}],"about":[{"href":"https:\/\/gandja.shop\/sl\/wp-json\/wp\/v2\/types\/page"}],"author":[{"embeddable":true,"href":"https:\/\/gandja.shop\/sl\/wp-json\/wp\/v2\/users\/1"}],"replies":[{"embeddable":true,"href":"https:\/\/gandja.shop\/sl\/wp-json\/wp\/v2\/comments?post=3"}],"version-history":[{"count":3,"href":"https:\/\/gandja.shop\/sl\/wp-json\/wp\/v2\/pages\/3\/revisions"}],"predecessor-version":[{"id":4731,"href":"https:\/\/gandja.shop\/sl\/wp-json\/wp\/v2\/pages\/3\/revisions\/4731"}],"wp:attachment":[{"href":"https:\/\/gandja.shop\/sl\/wp-json\/wp\/v2\/media?parent=3"}],"curies":[{"name":"delovni list","href":"https:\/\/api.w.org\/{rel}","templated":true}]}}